{"id":3,"date":"2023-11-27T18:08:09","date_gmt":"2023-11-27T18:08:09","guid":{"rendered":"https:\/\/lineaymovimiento.com\/?page_id=3"},"modified":"2024-03-02T12:11:12","modified_gmt":"2024-03-02T12:11:12","slug":"politica-de-privacidad","status":"publish","type":"page","link":"https:\/\/lineaymovimiento.com\/en\/politica-de-privacidad","title":{"rendered":"Privacy Policy"},"content":{"rendered":"<div data-elementor-type=\"wp-page\" data-elementor-id=\"3\" class=\"elementor elementor-3\" data-elementor-post-type=\"page\">\n\t\t\t\t<div class=\"elementor-element elementor-element-b6c2025 e-flex e-con-boxed e-con e-parent\" data-id=\"b6c2025\" data-element_type=\"container\" data-settings=\"{&quot;background_background&quot;:&quot;classic&quot;}\">\n\t\t\t\t\t<div class=\"e-con-inner\">\n\t\t\t\t<div class=\"elementor-element elementor-element-92ccf55 elementor-widget elementor-widget-heading\" data-id=\"92ccf55\" data-element_type=\"widget\" data-widget_type=\"heading.default\">\n\t\t\t\t<div class=\"elementor-widget-container\">\n\t\t\t\t\t<h1 class=\"elementor-heading-title elementor-size-default\">Pol\u00edtica de privacidad<\/h1>\t\t\t\t<\/div>\n\t\t\t\t<\/div>\n\t\t\t\t\t<\/div>\n\t\t\t\t<\/div>\n\t\t<div class=\"elementor-element elementor-element-2db72215 e-flex e-con-boxed e-con e-parent\" data-id=\"2db72215\" data-element_type=\"container\">\n\t\t\t\t\t<div class=\"e-con-inner\">\n\t\t\t\t<div class=\"elementor-element elementor-element-30777207 elementor-widget elementor-widget-text-editor\" data-id=\"30777207\" data-element_type=\"widget\" data-widget_type=\"text-editor.default\">\n\t\t\t\t<div class=\"elementor-widget-container\">\n\t\t\t\t\t\t\t\t\t<p>INFORMACI\u00d3N ADICIONAL Y DETALLADA SOBRE EL TRATAMIENTO DE DATOS DE CAR\u00c1CTER PERSONAL (2)<\/p><p>En cumplimiento de lo dispuesto en el art 13 del Reglamento (UE) 2016\/679 del Parlamento Europeo y del Consejo, de 27 de abril de 2016, relativo a la protecci\u00f3n de las personas f\u00edsicas en lo que respecta al tratamiento de datos personales y a la libre circulaci\u00f3n de estos datos (Reglamento General de Protecci\u00f3n de Datos, en adelante RGPD), informamos al interesado, como titular de los datos de car\u00e1cter personal que nos ha facilitado, de lo siguiente:<\/p><p>a) La entidad responsable del tratamiento de los datos es:<br \/>Mar\u00eda Jos\u00e9 Ben\u00edtez<br \/>C.I.F. 00800003V<br \/>C\/ Avenida de Am\u00e9rica, 29<br \/>CP: 28770 PROVINCIA: Colmenar Viejo (Madrid)<br \/>Tlf.: 918457783<br \/>E-mail: lineaymovimiento@hotmail.es<\/p><p>b) Esta entidad no dispone de la figura del \u201cDelegado de Protecci\u00f3n de Datos\u201d al no concurrir las obligaciones legales al respecto. No obstante, cualquier duda u observaci\u00f3n acerca de sus datos personales as\u00ed como el ejercicio de sus derechos que se detallan m\u00e1s adelante, puede comunic\u00e1rnoslo utilizando los datos de contacto anteriores.<\/p><p>c) La finalidad principal del tratamiento a la Vd. ha prestado su consentimiento, y de la que ya ha sido informado, es dar cumplimiento a la relaci\u00f3n contractual o precontractual establecida con Vd. Su consentimiento tambi\u00e9n alcanza al env\u00edo de informaci\u00f3n comercial relacionada con la finalidad principal y con nuestras actividades en general. Por tanto, las bases jur\u00eddicas del tratamiento de sus datos son: su consentimiento, la relaci\u00f3n contractual o precontractual propuesta y la ley o leyes, que en su caso, afecten a la relaci\u00f3n.<\/p><p>d) Asimismo le informamos de que el tratamiento de datos tambi\u00e9n se puede basar en los intereses leg\u00edtimos de esta entidad, o de alguna empresa de nuestro grupo, consistentes en mantenerle informado de los productos y servicios que habitualmente ofrecemos a nuestros clientes, y especialmente los que actualicen, reformen, renueven o est\u00e1n relacionados de alguna forma con los que motivan el tratamiento de datos actual. La informaci\u00f3n se la facilitaremos por medios convencionales y electr\u00f3nicos (incluso correo electr\u00f3nico o tel\u00e9fono m\u00f3vil). No obstante, Vd. podr\u00e1 oponerse a este tratamiento en cualquier momento, por la misma v\u00eda en que recibiera la informaci\u00f3n.<\/p><p>e) Adem\u00e1s de esta\/s entidad\/es y el propio interesado, ser\u00e1n destinatarios de los datos tratados los terceros que est\u00e9n relacionados directa o indirectamente con un cumplimiento adecuado de las obligaciones contractuales o legales (proveedores o prestadores de servicios, entidades financieras, administraciones p\u00fablicas, \u2026), o con los intereses leg\u00edtimos a los que nos hemos referido en la letra anterior.<\/p><p>f) El responsable del tratamiento no tiene intenci\u00f3n de transferir los datos personales a un tercer pa\u00eds. En su caso, se adoptar\u00edan las garant\u00edas adecuadas de acuerdo con lo previsto en el Cap\u00edtulo V del RGPD (Transferencias de datos personales a terceros pa\u00edses u organizaciones internacionales) y se informar\u00eda de ello al afectado.<\/p><p>Tambi\u00e9n informamos al interesado\/titular de los datos que:<\/p><p>a) Los datos personales se conservar\u00e1n durante:<br \/>no m\u00e1s tiempo del necesario para los fines de los tratamientos especificados en los apartados anteriores,<br \/>los plazos previstos en las disposiciones legales aplicables o,<br \/>los que se deriven de las relaciones contractuales entre la entidad responsable del tratamiento y el titular de los datos o interesado, sin perjuicio del ejercicio de los derechos que a continuaci\u00f3n se indican.<\/p><p>b) Con respecto a sus datos personales, tal y como figura en la Informaci\u00f3n b\u00e1sica sobre protecci\u00f3n de datos facilitada, Vd. dispone de los derechos de acceso, rectificaci\u00f3n, oposici\u00f3n, supresi\u00f3n (derecho al olvido), limitaci\u00f3n del tratamiento y portabilidad, en su caso, que puede ejercitar ante el responsable del tratamiento utilizando los datos de contacto que le hemos facilitado m\u00e1s arriba.<\/p><p>c) Tambi\u00e9n tiene Vd. derecho a retirarnos el consentimiento para las comunicaciones comerciales que le enviemos con base en la letra d) anterior u oponerse a ellas en cualquier momento.<\/p><p>d) Si considerase que el tratamiento de alguno de sus datos no es el adecuado, y no hubi\u00e9ramos atendido de forma satisfactoria su reclamaci\u00f3n o queja, le informamos de que adem\u00e1s de los derechos anteriores Vd. tiene derecho a presentar una reclamaci\u00f3n ante la Agencia Espa\u00f1ola de Protecci\u00f3n de Datos (AEPD) (www.agpd.es).<\/p><p>e) Los datos personales que nos ha facilitado entendemos que son los adecuados con arreglo a las finalidades de las que le hemos informado, y se llevar\u00e1n a cabo las comunicaciones obligatorias y\/o necesarias para llevarlas a cabo. Le recordamos que la omisi\u00f3n de alg\u00fan dato solicitado y no facilitado por el interesado podr\u00eda haber conducido a resultados distintos a los actuales.<\/p><p>f) El responsable del tratamiento no elabora perfiles con sus datos personales, ni tiene prevista la existencia de decisiones automatizadas que puedan afectarles significativamente o que puedan producir efectos jur\u00eddicos.<\/p><p>Por \u00faltimo, le informamos de que si esta entidad, como responsable del tratamiento, proyectare un tratamiento ulterior de datos personales para un fin que no sea aquel para el que se recogieron, y de los que ahora le hemos informado, le comunicar\u00edamos la informaci\u00f3n pertinente sobre ese otro fin con anterioridad a dicho tratamiento ulterior.<\/p>\t\t\t\t\t\t\t\t<\/div>\n\t\t\t\t<\/div>\n\t\t\t\t\t<\/div>\n\t\t\t\t<\/div>\n\t\t<div class=\"elementor-element elementor-element-5eb0be8 e-flex e-con-boxed e-con e-parent\" data-id=\"5eb0be8\" data-element_type=\"container\">\n\t\t\t\t\t<div class=\"e-con-inner\">\n\t\t\t\t<div class=\"elementor-element elementor-element-9ae43df elementor-widget elementor-widget-shortcode\" data-id=\"9ae43df\" data-element_type=\"widget\" data-widget_type=\"shortcode.default\">\n\t\t\t\t<div class=\"elementor-widget-container\">\n\t\t\t\t\t\t\t<div class=\"elementor-shortcode\">\t\t<div data-elementor-type=\"container\" data-elementor-id=\"1202\" class=\"elementor elementor-1202\" data-elementor-post-type=\"elementor_library\">\n\t\t\t\t<div class=\"elementor-element elementor-element-29233500 e-flex e-con-boxed e-con e-parent\" data-id=\"29233500\" data-element_type=\"container\">\n\t\t\t\t\t<div class=\"e-con-inner\">\n\t\t\t\t<div class=\"elementor-element elementor-element-15e28531 elementor-widget elementor-widget-image\" data-id=\"15e28531\" data-element_type=\"widget\" data-widget_type=\"image.default\">\n\t\t\t\t<div class=\"elementor-widget-container\">\n\t\t\t\t\t\t\t\t\t\t\t\t\t\t\t<img fetchpriority=\"high\" decoding=\"async\" width=\"2560\" height=\"239\" src=\"https:\/\/lineaymovimiento.com\/wp-content\/uploads\/2024\/03\/CONBANDERA_KITDIGITAL-scaled.jpg\" class=\"attachment-full size-full wp-image-1201\" alt=\"\" srcset=\"https:\/\/lineaymovimiento.com\/wp-content\/uploads\/2024\/03\/CONBANDERA_KITDIGITAL-scaled.jpg 2560w, https:\/\/lineaymovimiento.com\/wp-content\/uploads\/2024\/03\/CONBANDERA_KITDIGITAL-300x28.jpg 300w, https:\/\/lineaymovimiento.com\/wp-content\/uploads\/2024\/03\/CONBANDERA_KITDIGITAL-1024x95.jpg 1024w, https:\/\/lineaymovimiento.com\/wp-content\/uploads\/2024\/03\/CONBANDERA_KITDIGITAL-768x72.jpg 768w, https:\/\/lineaymovimiento.com\/wp-content\/uploads\/2024\/03\/CONBANDERA_KITDIGITAL-1536x143.jpg 1536w, https:\/\/lineaymovimiento.com\/wp-content\/uploads\/2024\/03\/CONBANDERA_KITDIGITAL-2048x191.jpg 2048w\" sizes=\"(max-width: 2560px) 100vw, 2560px\" \/>\t\t\t\t\t\t\t\t\t\t\t\t\t\t\t<\/div>\n\t\t\t\t<\/div>\n\t\t\t\t\t<\/div>\n\t\t\t\t<\/div>\n\t\t\t\t<\/div>\n\t\t<\/div>\n\t\t\t\t\t\t<\/div>\n\t\t\t\t<\/div>\n\t\t\t\t\t<\/div>\n\t\t\t\t<\/div>\n\t\t\t\t<\/div>","protected":false},"excerpt":{"rendered":"<p>Pol\u00edtica de privacidad INFORMACI\u00d3N ADICIONAL Y DETALLADA SOBRE EL TRATAMIENTO DE DATOS DE CAR\u00c1CTER PERSONAL (2) En cumplimiento de lo dispuesto en el art 13 del Reglamento (UE) 2016\/679 del Parlamento Europeo y del Consejo, de 27 de abril de 2016, relativo a la protecci\u00f3n de las personas f\u00edsicas en lo que respecta al tratamiento [&hellip;]<\/p>","protected":false},"author":1,"featured_media":0,"parent":0,"menu_order":0,"comment_status":"closed","ping_status":"open","template":"elementor_header_footer","meta":{"_joinchat":[],"footnotes":""},"class_list":["post-3","page","type-page","status-publish","hentry"],"yoast_head":"<!-- This site is optimized with the Yoast SEO plugin v24.6 - https:\/\/yoast.com\/wordpress\/plugins\/seo\/ -->\n<title>Privacy Policy - Linea y Movimiento<\/title>\n<meta name=\"robots\" content=\"index, follow, max-snippet:-1, max-image-preview:large, max-video-preview:-1\" \/>\n<link rel=\"canonical\" href=\"https:\/\/lineaymovimiento.com\/en\/politica-de-privacidad\/\" \/>\n<meta property=\"og:locale\" content=\"en_US\" \/>\n<meta property=\"og:type\" content=\"article\" \/>\n<meta property=\"og:title\" content=\"Privacy Policy - Linea y Movimiento\" \/>\n<meta property=\"og:description\" content=\"Pol\u00edtica de privacidad INFORMACI\u00d3N ADICIONAL Y DETALLADA SOBRE EL TRATAMIENTO DE DATOS DE CAR\u00c1CTER PERSONAL (2) En cumplimiento de lo dispuesto en el art 13 del Reglamento (UE) 2016\/679 del Parlamento Europeo y del Consejo, de 27 de abril de 2016, relativo a la protecci\u00f3n de las personas f\u00edsicas en lo que respecta al tratamiento [&hellip;]\" \/>\n<meta property=\"og:url\" content=\"https:\/\/lineaymovimiento.com\/en\/politica-de-privacidad\/\" \/>\n<meta property=\"og:site_name\" content=\"Linea y Movimiento\" \/>\n<meta property=\"article:publisher\" content=\"https:\/\/www.facebook.com\/e.dlineaymovimiento.es\" \/>\n<meta property=\"article:modified_time\" content=\"2024-03-02T12:11:12+00:00\" \/>\n<meta name=\"twitter:card\" content=\"summary_large_image\" \/>\n<meta name=\"twitter:label1\" content=\"Est. reading time\" \/>\n\t<meta name=\"twitter:data1\" content=\"5 minutes\" \/>\n<script type=\"application\/ld+json\" class=\"yoast-schema-graph\">{\"@context\":\"https:\/\/schema.org\",\"@graph\":[{\"@type\":\"WebPage\",\"@id\":\"https:\/\/lineaymovimiento.com\/politica-de-privacidad\",\"url\":\"https:\/\/lineaymovimiento.com\/politica-de-privacidad\",\"name\":\"Privacy Policy - Linea y Movimiento\",\"isPartOf\":{\"@id\":\"https:\/\/lineaymovimiento.com\/#website\"},\"datePublished\":\"2023-11-27T18:08:09+00:00\",\"dateModified\":\"2024-03-02T12:11:12+00:00\",\"breadcrumb\":{\"@id\":\"https:\/\/lineaymovimiento.com\/politica-de-privacidad#breadcrumb\"},\"inLanguage\":\"en-US\",\"potentialAction\":[{\"@type\":\"ReadAction\",\"target\":[\"https:\/\/lineaymovimiento.com\/politica-de-privacidad\"]}]},{\"@type\":\"BreadcrumbList\",\"@id\":\"https:\/\/lineaymovimiento.com\/politica-de-privacidad#breadcrumb\",\"itemListElement\":[{\"@type\":\"ListItem\",\"position\":1,\"name\":\"Portada\",\"item\":\"https:\/\/lineaymovimiento.com\/\"},{\"@type\":\"ListItem\",\"position\":2,\"name\":\"Privacy Policy\"}]},{\"@type\":\"WebSite\",\"@id\":\"https:\/\/lineaymovimiento.com\/#website\",\"url\":\"https:\/\/lineaymovimiento.com\/\",\"name\":\"https:\/\/lineaymovimiento.com\/\",\"description\":\"\",\"publisher\":{\"@id\":\"https:\/\/lineaymovimiento.com\/#organization\"},\"potentialAction\":[{\"@type\":\"SearchAction\",\"target\":{\"@type\":\"EntryPoint\",\"urlTemplate\":\"https:\/\/lineaymovimiento.com\/?s={search_term_string}\"},\"query-input\":{\"@type\":\"PropertyValueSpecification\",\"valueRequired\":true,\"valueName\":\"search_term_string\"}}],\"inLanguage\":\"en-US\"},{\"@type\":\"Organization\",\"@id\":\"https:\/\/lineaymovimiento.com\/#organization\",\"name\":\"Linea y Movimiento\",\"url\":\"https:\/\/lineaymovimiento.com\/\",\"logo\":{\"@type\":\"ImageObject\",\"inLanguage\":\"en-US\",\"@id\":\"https:\/\/lineaymovimiento.com\/#\/schema\/logo\/image\/\",\"url\":\"https:\/\/lineaymovimiento.com\/wp-content\/uploads\/2023\/12\/logo-sin-text.png\",\"contentUrl\":\"https:\/\/lineaymovimiento.com\/wp-content\/uploads\/2023\/12\/logo-sin-text.png\",\"width\":6868,\"height\":3204,\"caption\":\"Linea y Movimiento\"},\"image\":{\"@id\":\"https:\/\/lineaymovimiento.com\/#\/schema\/logo\/image\/\"},\"sameAs\":[\"https:\/\/www.facebook.com\/e.dlineaymovimiento.es\",\"https:\/\/www.instagram.com\/escuelalineaymovimiento\"]}]}<\/script>\n<!-- \/ Yoast SEO plugin. -->","yoast_head_json":{"title":"Privacy Policy - Linea y Movimiento","robots":{"index":"index","follow":"follow","max-snippet":"max-snippet:-1","max-image-preview":"max-image-preview:large","max-video-preview":"max-video-preview:-1"},"canonical":"https:\/\/lineaymovimiento.com\/en\/politica-de-privacidad\/","og_locale":"en_US","og_type":"article","og_title":"Privacy Policy - Linea y Movimiento","og_description":"Pol\u00edtica de privacidad INFORMACI\u00d3N ADICIONAL Y DETALLADA SOBRE EL TRATAMIENTO DE DATOS DE CAR\u00c1CTER PERSONAL (2) En cumplimiento de lo dispuesto en el art 13 del Reglamento (UE) 2016\/679 del Parlamento Europeo y del Consejo, de 27 de abril de 2016, relativo a la protecci\u00f3n de las personas f\u00edsicas en lo que respecta al tratamiento [&hellip;]","og_url":"https:\/\/lineaymovimiento.com\/en\/politica-de-privacidad\/","og_site_name":"Linea y Movimiento","article_publisher":"https:\/\/www.facebook.com\/e.dlineaymovimiento.es","article_modified_time":"2024-03-02T12:11:12+00:00","twitter_card":"summary_large_image","twitter_misc":{"Est. reading time":"5 minutes"},"schema":{"@context":"https:\/\/schema.org","@graph":[{"@type":"WebPage","@id":"https:\/\/lineaymovimiento.com\/politica-de-privacidad","url":"https:\/\/lineaymovimiento.com\/politica-de-privacidad","name":"Privacy Policy - Linea y Movimiento","isPartOf":{"@id":"https:\/\/lineaymovimiento.com\/#website"},"datePublished":"2023-11-27T18:08:09+00:00","dateModified":"2024-03-02T12:11:12+00:00","breadcrumb":{"@id":"https:\/\/lineaymovimiento.com\/politica-de-privacidad#breadcrumb"},"inLanguage":"en-US","potentialAction":[{"@type":"ReadAction","target":["https:\/\/lineaymovimiento.com\/politica-de-privacidad"]}]},{"@type":"BreadcrumbList","@id":"https:\/\/lineaymovimiento.com\/politica-de-privacidad#breadcrumb","itemListElement":[{"@type":"ListItem","position":1,"name":"Portada","item":"https:\/\/lineaymovimiento.com\/"},{"@type":"ListItem","position":2,"name":"Privacy Policy"}]},{"@type":"WebSite","@id":"https:\/\/lineaymovimiento.com\/#website","url":"https:\/\/lineaymovimiento.com\/","name":"https:\/\/lineaymovimiento.com\/","description":"","publisher":{"@id":"https:\/\/lineaymovimiento.com\/#organization"},"potentialAction":[{"@type":"SearchAction","target":{"@type":"EntryPoint","urlTemplate":"https:\/\/lineaymovimiento.com\/?s={search_term_string}"},"query-input":{"@type":"PropertyValueSpecification","valueRequired":true,"valueName":"search_term_string"}}],"inLanguage":"en-US"},{"@type":"Organization","@id":"https:\/\/lineaymovimiento.com\/#organization","name":"Linea y Movimiento","url":"https:\/\/lineaymovimiento.com\/","logo":{"@type":"ImageObject","inLanguage":"en-US","@id":"https:\/\/lineaymovimiento.com\/#\/schema\/logo\/image\/","url":"https:\/\/lineaymovimiento.com\/wp-content\/uploads\/2023\/12\/logo-sin-text.png","contentUrl":"https:\/\/lineaymovimiento.com\/wp-content\/uploads\/2023\/12\/logo-sin-text.png","width":6868,"height":3204,"caption":"Linea y Movimiento"},"image":{"@id":"https:\/\/lineaymovimiento.com\/#\/schema\/logo\/image\/"},"sameAs":["https:\/\/www.facebook.com\/e.dlineaymovimiento.es","https:\/\/www.instagram.com\/escuelalineaymovimiento"]}]}},"jetpack_sharing_enabled":true,"_links":{"self":[{"href":"https:\/\/lineaymovimiento.com\/en\/wp-json\/wp\/v2\/pages\/3","targetHints":{"allow":["GET"]}}],"collection":[{"href":"https:\/\/lineaymovimiento.com\/en\/wp-json\/wp\/v2\/pages"}],"about":[{"href":"https:\/\/lineaymovimiento.com\/en\/wp-json\/wp\/v2\/types\/page"}],"author":[{"embeddable":true,"href":"https:\/\/lineaymovimiento.com\/en\/wp-json\/wp\/v2\/users\/1"}],"replies":[{"embeddable":true,"href":"https:\/\/lineaymovimiento.com\/en\/wp-json\/wp\/v2\/comments?post=3"}],"version-history":[{"count":10,"href":"https:\/\/lineaymovimiento.com\/en\/wp-json\/wp\/v2\/pages\/3\/revisions"}],"predecessor-version":[{"id":1225,"href":"https:\/\/lineaymovimiento.com\/en\/wp-json\/wp\/v2\/pages\/3\/revisions\/1225"}],"wp:attachment":[{"href":"https:\/\/lineaymovimiento.com\/en\/wp-json\/wp\/v2\/media?parent=3"}],"curies":[{"name":"wp","href":"https:\/\/api.w.org\/{rel}","templated":true}]}}