{"id":15,"date":"2023-12-07T21:02:27","date_gmt":"2023-12-07T21:02:27","guid":{"rendered":"https:\/\/lineaymovimiento.com\/?page_id=15"},"modified":"2025-06-17T19:26:46","modified_gmt":"2025-06-17T19:26:46","slug":"instalaciones","status":"publish","type":"page","link":"https:\/\/lineaymovimiento.com\/en\/instalaciones","title":{"rendered":"Instalaciones"},"content":{"rendered":"<div data-elementor-type=\"wp-page\" data-elementor-id=\"15\" class=\"elementor elementor-15\" data-elementor-post-type=\"page\">\n\t\t\t\t<div class=\"elementor-element elementor-element-d478906 e-flex e-con-boxed e-con e-parent\" data-id=\"d478906\" data-element_type=\"container\" data-settings=\"{&quot;background_background&quot;:&quot;classic&quot;}\">\n\t\t\t\t\t<div class=\"e-con-inner\">\n\t\t\t\t<div class=\"elementor-element elementor-element-43df271 elementor-widget elementor-widget-heading\" data-id=\"43df271\" data-element_type=\"widget\" data-widget_type=\"heading.default\">\n\t\t\t\t<div class=\"elementor-widget-container\">\n\t\t\t\t\t<h1 class=\"elementor-heading-title elementor-size-default\">Instalaciones<\/h1>\t\t\t\t<\/div>\n\t\t\t\t<\/div>\n\t\t\t\t\t<\/div>\n\t\t\t\t<\/div>\n\t\t<div class=\"elementor-element elementor-element-a12e5e4 e-flex e-con-boxed e-con e-parent\" data-id=\"a12e5e4\" data-element_type=\"container\">\n\t\t\t\t\t<div class=\"e-con-inner\">\n\t\t<div class=\"elementor-element elementor-element-da3dbec e-flex e-con-boxed elementor-invisible e-con e-child\" data-id=\"da3dbec\" data-element_type=\"container\" data-settings=\"{&quot;animation&quot;:&quot;fadeInLeft&quot;}\">\n\t\t\t\t\t<div class=\"e-con-inner\">\n\t\t\t\t<div class=\"elementor-element elementor-element-5a3bf75 elementor-widget elementor-widget-heading\" data-id=\"5a3bf75\" data-element_type=\"widget\" data-widget_type=\"heading.default\">\n\t\t\t\t<div class=\"elementor-widget-container\">\n\t\t\t\t\t<h2 class=\"elementor-heading-title elementor-size-default\">Avenida de Am\u00e9rica, 29 <\/h2>\t\t\t\t<\/div>\n\t\t\t\t<\/div>\n\t\t\t\t<div class=\"elementor-element elementor-element-54bce76 elementor-widget elementor-widget-text-editor\" data-id=\"54bce76\" data-element_type=\"widget\" data-widget_type=\"text-editor.default\">\n\t\t\t\t<div class=\"elementor-widget-container\">\n\t\t\t\t\t\t\t\t\t<ul class=\"ul1\"><li class=\"li1\">Dos salas<\/li><li class=\"li1\">Dos vestuarios<\/li><li class=\"li1\">Ba\u00f1o<\/li><li class=\"li1\">Duchas<\/li><li class=\"li1\">Internet<\/li><li class=\"li1\">Calefacci\u00f3n<\/li><li class=\"li1\">Barras extra<\/li><li class=\"li1\">Equipamiento para gimnasia<\/li><\/ul>\t\t\t\t\t\t\t\t<\/div>\n\t\t\t\t<\/div>\n\t\t\t\t<div class=\"elementor-element elementor-element-71cde44 elementor-widget elementor-widget-text-editor\" data-id=\"71cde44\" data-element_type=\"widget\" data-widget_type=\"text-editor.default\">\n\t\t\t\t<div class=\"elementor-widget-container\">\n\t\t\t\t\t\t\t\t\tLl\u00e1manos al <a href=\"tel:918457783\">91 845 77 83<\/a>\t\t\t\t\t\t\t\t<\/div>\n\t\t\t\t<\/div>\n\t\t\t\t\t<\/div>\n\t\t\t\t<\/div>\n\t\t<div class=\"elementor-element elementor-element-885c4ad e-flex e-con-boxed elementor-invisible e-con e-child\" data-id=\"885c4ad\" data-element_type=\"container\" data-settings=\"{&quot;animation&quot;:&quot;fadeInRight&quot;}\">\n\t\t\t\t\t<div class=\"e-con-inner\">\n\t\t\t\t<div class=\"elementor-element elementor-element-55b6f9c elementor-widget elementor-widget-google_maps\" data-id=\"55b6f9c\" data-element_type=\"widget\" data-widget_type=\"google_maps.default\">\n\t\t\t\t<div class=\"elementor-widget-container\">\n\t\t\t\t\t\t\t<div class=\"elementor-custom-embed\">\n\t\t\t<iframe loading=\"lazy\"\n\t\t\t\t\tsrc=\"https:\/\/maps.google.com\/maps?q=Av.%20de%20Am%C3%A9rica%2C%2029%2C%2028770%20Colmenar%20Viejo%2C%20Madrid&#038;t=m&#038;z=12&#038;output=embed&#038;iwloc=near\"\n\t\t\t\t\ttitle=\"Av. de Am\u00e9rica, 29, 28770 Colmenar Viejo, Madrid\"\n\t\t\t\t\taria-label=\"Av. de Am\u00e9rica, 29, 28770 Colmenar Viejo, Madrid\"\n\t\t\t><\/iframe>\n\t\t<\/div>\n\t\t\t\t\t\t<\/div>\n\t\t\t\t<\/div>\n\t\t\t\t\t<\/div>\n\t\t\t\t<\/div>\n\t\t\t\t\t<\/div>\n\t\t\t\t<\/div>\n\t\t<div class=\"elementor-element elementor-element-99bdca8 e-flex e-con-boxed e-con e-parent\" data-id=\"99bdca8\" data-element_type=\"container\">\n\t\t\t\t\t<div class=\"e-con-inner\">\n\t\t<div class=\"elementor-element elementor-element-8a1d822 e-flex e-con-boxed elementor-invisible e-con e-child\" data-id=\"8a1d822\" data-element_type=\"container\" data-settings=\"{&quot;animation&quot;:&quot;fadeInLeft&quot;,&quot;animation_delay&quot;:1000}\">\n\t\t\t\t\t<div class=\"e-con-inner\">\n\t\t\t\t<div class=\"elementor-element elementor-element-03d0196 elementor-widget elementor-widget-heading\" data-id=\"03d0196\" data-element_type=\"widget\" data-widget_type=\"heading.default\">\n\t\t\t\t<div class=\"elementor-widget-container\">\n\t\t\t\t\t<h3 class=\"elementor-heading-title elementor-size-default\">Sala 1 <\/h3>\t\t\t\t<\/div>\n\t\t\t\t<\/div>\n\t\t\t\t<div class=\"elementor-element elementor-element-e759bde elementor-invisible elementor-widget elementor-widget-image\" data-id=\"e759bde\" data-element_type=\"widget\" data-settings=\"{&quot;_animation&quot;:&quot;fadeInLeft&quot;}\" data-widget_type=\"image.default\">\n\t\t\t\t<div class=\"elementor-widget-container\">\n\t\t\t\t\t\t\t\t\t\t\t\t\t\t\t<img fetchpriority=\"high\" decoding=\"async\" width=\"720\" height=\"540\" src=\"https:\/\/lineaymovimiento.com\/wp-content\/uploads\/2024\/01\/Sala-1-Avenida-de-america.jpg\" class=\"attachment-full size-full wp-image-453\" alt=\"\" srcset=\"https:\/\/lineaymovimiento.com\/wp-content\/uploads\/2024\/01\/Sala-1-Avenida-de-america.jpg 720w, https:\/\/lineaymovimiento.com\/wp-content\/uploads\/2024\/01\/Sala-1-Avenida-de-america-300x225.jpg 300w\" sizes=\"(max-width: 720px) 100vw, 720px\" \/>\t\t\t\t\t\t\t\t\t\t\t\t\t\t\t<\/div>\n\t\t\t\t<\/div>\n\t\t\t\t<div class=\"elementor-element elementor-element-344234e elementor-widget elementor-widget-text-editor\" data-id=\"344234e\" data-element_type=\"widget\" data-widget_type=\"text-editor.default\">\n\t\t\t\t<div class=\"elementor-widget-container\">\n\t\t\t\t\t\t\t\t\t<ul class=\"ul1\"><li class=\"li1\"><p class=\"p1\">100 m \u00b2<\/p><\/li><li class=\"li1\"><p class=\"p1\">capacidad: 30 alumnos<\/p><\/li><\/ul>\t\t\t\t\t\t\t\t<\/div>\n\t\t\t\t<\/div>\n\t\t\t\t\t<\/div>\n\t\t\t\t<\/div>\n\t\t<div class=\"elementor-element elementor-element-4237b8a e-flex e-con-boxed elementor-invisible e-con e-child\" data-id=\"4237b8a\" data-element_type=\"container\" data-settings=\"{&quot;animation&quot;:&quot;fadeInRight&quot;,&quot;animation_delay&quot;:1000}\">\n\t\t\t\t\t<div class=\"e-con-inner\">\n\t\t\t\t<div class=\"elementor-element elementor-element-b88b6c5 elementor-widget elementor-widget-heading\" data-id=\"b88b6c5\" data-element_type=\"widget\" data-widget_type=\"heading.default\">\n\t\t\t\t<div class=\"elementor-widget-container\">\n\t\t\t\t\t<h3 class=\"elementor-heading-title elementor-size-default\">Sala 2<\/h3>\t\t\t\t<\/div>\n\t\t\t\t<\/div>\n\t\t\t\t<div class=\"elementor-element elementor-element-4a0a7c1 elementor-widget elementor-widget-image\" data-id=\"4a0a7c1\" data-element_type=\"widget\" data-widget_type=\"image.default\">\n\t\t\t\t<div class=\"elementor-widget-container\">\n\t\t\t\t\t\t\t\t\t\t\t\t\t\t\t<img decoding=\"async\" width=\"720\" height=\"540\" src=\"https:\/\/lineaymovimiento.com\/wp-content\/uploads\/2024\/01\/Sala-2-Avenida-de-america.jpg\" class=\"attachment-full size-full wp-image-454\" alt=\"\" srcset=\"https:\/\/lineaymovimiento.com\/wp-content\/uploads\/2024\/01\/Sala-2-Avenida-de-america.jpg 720w, https:\/\/lineaymovimiento.com\/wp-content\/uploads\/2024\/01\/Sala-2-Avenida-de-america-300x225.jpg 300w\" sizes=\"(max-width: 720px) 100vw, 720px\" \/>\t\t\t\t\t\t\t\t\t\t\t\t\t\t\t<\/div>\n\t\t\t\t<\/div>\n\t\t\t\t<div class=\"elementor-element elementor-element-1d1dfda elementor-widget elementor-widget-text-editor\" data-id=\"1d1dfda\" data-element_type=\"widget\" data-widget_type=\"text-editor.default\">\n\t\t\t\t<div class=\"elementor-widget-container\">\n\t\t\t\t\t\t\t\t\t<ul class=\"ul1\"><li class=\"li1\"><p class=\"p1\">60 m \u00b2<\/p><\/li><li class=\"li1\"><p class=\"p1\">capacidad: 15 alumnos<\/p><\/li><\/ul>\t\t\t\t\t\t\t\t<\/div>\n\t\t\t\t<\/div>\n\t\t\t\t\t<\/div>\n\t\t\t\t<\/div>\n\t\t\t\t\t<\/div>\n\t\t\t\t<\/div>\n\t\t<div class=\"elementor-element elementor-element-cab65c6 e-flex e-con-boxed e-con e-parent\" data-id=\"cab65c6\" data-element_type=\"container\">\n\t\t\t\t\t<div class=\"e-con-inner\">\n\t\t\t\t<div class=\"elementor-element elementor-element-ca379d1 elementor-widget-divider--view-line elementor-widget elementor-widget-divider\" data-id=\"ca379d1\" data-element_type=\"widget\" data-widget_type=\"divider.default\">\n\t\t\t\t<div class=\"elementor-widget-container\">\n\t\t\t\t\t\t\t<div class=\"elementor-divider\">\n\t\t\t<span class=\"elementor-divider-separator\">\n\t\t\t\t\t\t<\/span>\n\t\t<\/div>\n\t\t\t\t\t\t<\/div>\n\t\t\t\t<\/div>\n\t\t\t\t\t<\/div>\n\t\t\t\t<\/div>\n\t\t<div class=\"elementor-element elementor-element-9c0e3db e-flex e-con-boxed e-con e-parent\" data-id=\"9c0e3db\" data-element_type=\"container\">\n\t\t\t\t\t<div class=\"e-con-inner\">\n\t\t<div class=\"elementor-element elementor-element-7dfa7fb e-flex e-con-boxed e-con e-child\" data-id=\"7dfa7fb\" data-element_type=\"container\" data-settings=\"{&quot;animation&quot;:&quot;none&quot;}\">\n\t\t\t\t\t<div class=\"e-con-inner\">\n\t\t\t\t<div class=\"elementor-element elementor-element-ce0ebbd elementor-widget elementor-widget-heading\" data-id=\"ce0ebbd\" data-element_type=\"widget\" data-widget_type=\"heading.default\">\n\t\t\t\t<div class=\"elementor-widget-container\">\n\t\t\t\t\t<h2 class=\"elementor-heading-title elementor-size-default\">Zurbar\u00e1n 12 <\/h2>\t\t\t\t<\/div>\n\t\t\t\t<\/div>\n\t\t\t\t<div class=\"elementor-element elementor-element-32f11b3 elementor-widget elementor-widget-text-editor\" data-id=\"32f11b3\" data-element_type=\"widget\" data-widget_type=\"text-editor.default\">\n\t\t\t\t<div class=\"elementor-widget-container\">\n\t\t\t\t\t\t\t\t\t<ul class=\"ul1\"><li class=\"li1\">Una sala<\/li><li class=\"li1\">Vestuario<\/li><li class=\"li1\">Ba\u00f1o<\/li><li class=\"li1\">Internet<\/li><li class=\"li1\">Calefacci\u00f3n<\/li><li class=\"li1\">Equipamiento para gimnasia<\/li><\/ul>\t\t\t\t\t\t\t\t<\/div>\n\t\t\t\t<\/div>\n\t\t\t\t<div class=\"elementor-element elementor-element-cd6695b elementor-widget elementor-widget-text-editor\" data-id=\"cd6695b\" data-element_type=\"widget\" data-widget_type=\"text-editor.default\">\n\t\t\t\t<div class=\"elementor-widget-container\">\n\t\t\t\t\t\t\t\t\tLl\u00e1manos al <a href=\"tel:918455420\">91 845 54 20<\/a>\t\t\t\t\t\t\t\t<\/div>\n\t\t\t\t<\/div>\n\t\t\t\t\t<\/div>\n\t\t\t\t<\/div>\n\t\t<div class=\"elementor-element elementor-element-3f44814 e-flex e-con-boxed e-con e-child\" data-id=\"3f44814\" data-element_type=\"container\" data-settings=\"{&quot;animation&quot;:&quot;none&quot;}\">\n\t\t\t\t\t<div class=\"e-con-inner\">\n\t\t\t\t<div class=\"elementor-element elementor-element-81b0ba1 elementor-widget elementor-widget-google_maps\" data-id=\"81b0ba1\" data-element_type=\"widget\" data-widget_type=\"google_maps.default\">\n\t\t\t\t<div class=\"elementor-widget-container\">\n\t\t\t\t\t\t\t<div class=\"elementor-custom-embed\">\n\t\t\t<iframe loading=\"lazy\"\n\t\t\t\t\tsrc=\"https:\/\/maps.google.com\/maps?q=C.%20de%20Zurbar%C3%A1n%2012%2C%20Colmenar%20Viejo&#038;t=m&#038;z=12&#038;output=embed&#038;iwloc=near\"\n\t\t\t\t\ttitle=\"C. de Zurbar\u00e1n 12, Colmenar Viejo\"\n\t\t\t\t\taria-label=\"C. de Zurbar\u00e1n 12, Colmenar Viejo\"\n\t\t\t><\/iframe>\n\t\t<\/div>\n\t\t\t\t\t\t<\/div>\n\t\t\t\t<\/div>\n\t\t\t\t\t<\/div>\n\t\t\t\t<\/div>\n\t\t\t\t\t<\/div>\n\t\t\t\t<\/div>\n\t\t<div class=\"elementor-element elementor-element-20f8c12 e-flex e-con-boxed e-con e-parent\" data-id=\"20f8c12\" data-element_type=\"container\">\n\t\t\t\t\t<div class=\"e-con-inner\">\n\t\t<div class=\"elementor-element elementor-element-bdad166 e-con-full elementor-hidden-mobile e-flex elementor-invisible e-con e-child\" data-id=\"bdad166\" data-element_type=\"container\" data-settings=\"{&quot;animation&quot;:&quot;fadeInLeft&quot;}\">\n\t\t\t\t<\/div>\n\t\t<div class=\"elementor-element elementor-element-afa5c66 e-con-full e-flex elementor-invisible e-con e-child\" data-id=\"afa5c66\" data-element_type=\"container\" data-settings=\"{&quot;animation&quot;:&quot;fadeInLeft&quot;}\">\n\t\t\t\t<div class=\"elementor-element elementor-element-4155728 elementor-widget elementor-widget-heading\" data-id=\"4155728\" data-element_type=\"widget\" data-widget_type=\"heading.default\">\n\t\t\t\t<div class=\"elementor-widget-container\">\n\t\t\t\t\t<h3 class=\"elementor-heading-title elementor-size-default\">Sala<\/h3>\t\t\t\t<\/div>\n\t\t\t\t<\/div>\n\t\t\t\t<div class=\"elementor-element elementor-element-7f40f1c elementor-widget elementor-widget-image\" data-id=\"7f40f1c\" data-element_type=\"widget\" data-widget_type=\"image.default\">\n\t\t\t\t<div class=\"elementor-widget-container\">\n\t\t\t\t\t\t\t\t\t\t\t\t\t\t\t<img decoding=\"async\" width=\"720\" height=\"540\" src=\"https:\/\/lineaymovimiento.com\/wp-content\/uploads\/2024\/01\/Sala-Zurbaran.jpg\" class=\"attachment-full size-full wp-image-455\" alt=\"\" srcset=\"https:\/\/lineaymovimiento.com\/wp-content\/uploads\/2024\/01\/Sala-Zurbaran.jpg 720w, https:\/\/lineaymovimiento.com\/wp-content\/uploads\/2024\/01\/Sala-Zurbaran-300x225.jpg 300w\" sizes=\"(max-width: 720px) 100vw, 720px\" \/>\t\t\t\t\t\t\t\t\t\t\t\t\t\t\t<\/div>\n\t\t\t\t<\/div>\n\t\t\t\t<div class=\"elementor-element elementor-element-5555ded elementor-widget elementor-widget-text-editor\" data-id=\"5555ded\" data-element_type=\"widget\" data-widget_type=\"text-editor.default\">\n\t\t\t\t<div class=\"elementor-widget-container\">\n\t\t\t\t\t\t\t\t\t<ul class=\"ul1\"><li class=\"li1\"><p class=\"p1\">60 m \u00b2<\/p><\/li><li class=\"li1\"><p class=\"p1\">capacidad: 15 alumnos<\/p><\/li><\/ul>\t\t\t\t\t\t\t\t<\/div>\n\t\t\t\t<\/div>\n\t\t\t\t<\/div>\n\t\t<div class=\"elementor-element elementor-element-36e521f e-con-full elementor-hidden-mobile e-flex elementor-invisible e-con e-child\" data-id=\"36e521f\" data-element_type=\"container\" data-settings=\"{&quot;animation&quot;:&quot;fadeInLeft&quot;}\">\n\t\t\t\t<\/div>\n\t\t\t\t\t<\/div>\n\t\t\t\t<\/div>\n\t\t<div class=\"elementor-element elementor-element-719502a e-flex e-con-boxed e-con e-parent\" data-id=\"719502a\" data-element_type=\"container\">\n\t\t\t\t\t<div class=\"e-con-inner\">\n\t\t\t\t<div class=\"elementor-element elementor-element-3dba462 elementor-widget elementor-widget-shortcode\" data-id=\"3dba462\" data-element_type=\"widget\" data-widget_type=\"shortcode.default\">\n\t\t\t\t<div class=\"elementor-widget-container\">\n\t\t\t\t\t\t\t<div class=\"elementor-shortcode\">\t\t<div data-elementor-type=\"container\" data-elementor-id=\"1202\" class=\"elementor elementor-1202\" data-elementor-post-type=\"elementor_library\">\n\t\t\t\t<div class=\"elementor-element elementor-element-29233500 e-flex e-con-boxed e-con e-parent\" data-id=\"29233500\" data-element_type=\"container\">\n\t\t\t\t\t<div class=\"e-con-inner\">\n\t\t\t\t<div class=\"elementor-element elementor-element-15e28531 elementor-widget elementor-widget-image\" data-id=\"15e28531\" data-element_type=\"widget\" data-widget_type=\"image.default\">\n\t\t\t\t<div class=\"elementor-widget-container\">\n\t\t\t\t\t\t\t\t\t\t\t\t\t\t\t<img loading=\"lazy\" decoding=\"async\" width=\"2560\" height=\"239\" src=\"https:\/\/lineaymovimiento.com\/wp-content\/uploads\/2024\/03\/CONBANDERA_KITDIGITAL-scaled.jpg\" class=\"attachment-full size-full wp-image-1201\" alt=\"\" srcset=\"https:\/\/lineaymovimiento.com\/wp-content\/uploads\/2024\/03\/CONBANDERA_KITDIGITAL-scaled.jpg 2560w, https:\/\/lineaymovimiento.com\/wp-content\/uploads\/2024\/03\/CONBANDERA_KITDIGITAL-300x28.jpg 300w, https:\/\/lineaymovimiento.com\/wp-content\/uploads\/2024\/03\/CONBANDERA_KITDIGITAL-1024x95.jpg 1024w, https:\/\/lineaymovimiento.com\/wp-content\/uploads\/2024\/03\/CONBANDERA_KITDIGITAL-768x72.jpg 768w, https:\/\/lineaymovimiento.com\/wp-content\/uploads\/2024\/03\/CONBANDERA_KITDIGITAL-1536x143.jpg 1536w, https:\/\/lineaymovimiento.com\/wp-content\/uploads\/2024\/03\/CONBANDERA_KITDIGITAL-2048x191.jpg 2048w\" sizes=\"(max-width: 2560px) 100vw, 2560px\" \/>\t\t\t\t\t\t\t\t\t\t\t\t\t\t\t<\/div>\n\t\t\t\t<\/div>\n\t\t\t\t\t<\/div>\n\t\t\t\t<\/div>\n\t\t\t\t<\/div>\n\t\t<\/div>\n\t\t\t\t\t\t<\/div>\n\t\t\t\t<\/div>\n\t\t\t\t\t<\/div>\n\t\t\t\t<\/div>\n\t\t\t\t<\/div>","protected":false},"excerpt":{"rendered":"<p>Instalaciones Avenida de Am\u00e9rica, 29 Dos salas Dos vestuarios Ba\u00f1o Duchas Internet Calefacci\u00f3n Barras extra Equipamiento para gimnasia Ll\u00e1manos al 91 845 77 83 Sala 1 100 m \u00b2 capacidad: 30 alumnos Sala 2 60 m \u00b2 capacidad: 15 alumnos Zurbar\u00e1n 12 Una sala Vestuario Ba\u00f1o Internet Calefacci\u00f3n Equipamiento para gimnasia Ll\u00e1manos al 91 845 [&hellip;]<\/p>","protected":false},"author":1,"featured_media":0,"parent":0,"menu_order":3,"comment_status":"closed","ping_status":"closed","template":"elementor_header_footer","meta":{"_joinchat":[],"footnotes":""},"class_list":["post-15","page","type-page","status-publish","hentry"],"yoast_head":"<!-- This site is optimized with the Yoast SEO plugin v24.6 - https:\/\/yoast.com\/wordpress\/plugins\/seo\/ -->\n<title>Instalaciones - Linea y Movimiento<\/title>\n<meta name=\"robots\" content=\"index, follow, max-snippet:-1, max-image-preview:large, max-video-preview:-1\" \/>\n<link rel=\"canonical\" href=\"https:\/\/lineaymovimiento.com\/en\/instalaciones\/\" \/>\n<meta property=\"og:locale\" content=\"en_US\" \/>\n<meta property=\"og:type\" content=\"article\" \/>\n<meta property=\"og:title\" content=\"Instalaciones - Linea y Movimiento\" \/>\n<meta property=\"og:description\" content=\"Instalaciones Avenida de Am\u00e9rica, 29 Dos salas Dos vestuarios Ba\u00f1o Duchas Internet Calefacci\u00f3n Barras extra Equipamiento para gimnasia Ll\u00e1manos al 91 845 77 83 Sala 1 100 m \u00b2 capacidad: 30 alumnos Sala 2 60 m \u00b2 capacidad: 15 alumnos Zurbar\u00e1n 12 Una sala Vestuario Ba\u00f1o Internet Calefacci\u00f3n Equipamiento para gimnasia Ll\u00e1manos al 91 845 [&hellip;]\" \/>\n<meta property=\"og:url\" content=\"https:\/\/lineaymovimiento.com\/en\/instalaciones\/\" \/>\n<meta property=\"og:site_name\" content=\"Linea y Movimiento\" \/>\n<meta property=\"article:publisher\" content=\"https:\/\/www.facebook.com\/e.dlineaymovimiento.es\" \/>\n<meta property=\"article:modified_time\" content=\"2025-06-17T19:26:46+00:00\" \/>\n<meta property=\"og:image\" content=\"https:\/\/lineaymovimiento.com\/wp-content\/uploads\/2024\/01\/Sala-1-Avenida-de-america.jpg\" \/>\n\t<meta property=\"og:image:width\" content=\"720\" \/>\n\t<meta property=\"og:image:height\" content=\"540\" \/>\n\t<meta property=\"og:image:type\" content=\"image\/jpeg\" \/>\n<meta name=\"twitter:card\" content=\"summary_large_image\" \/>\n<meta name=\"twitter:label1\" content=\"Est. reading time\" \/>\n\t<meta name=\"twitter:data1\" content=\"2 minutes\" \/>\n<script type=\"application\/ld+json\" class=\"yoast-schema-graph\">{\"@context\":\"https:\/\/schema.org\",\"@graph\":[{\"@type\":\"WebPage\",\"@id\":\"https:\/\/lineaymovimiento.com\/instalaciones\",\"url\":\"https:\/\/lineaymovimiento.com\/instalaciones\",\"name\":\"Instalaciones - Linea y Movimiento\",\"isPartOf\":{\"@id\":\"https:\/\/lineaymovimiento.com\/#website\"},\"primaryImageOfPage\":{\"@id\":\"https:\/\/lineaymovimiento.com\/instalaciones#primaryimage\"},\"image\":{\"@id\":\"https:\/\/lineaymovimiento.com\/instalaciones#primaryimage\"},\"thumbnailUrl\":\"https:\/\/lineaymovimiento.com\/wp-content\/uploads\/2024\/01\/Sala-1-Avenida-de-america.jpg\",\"datePublished\":\"2023-12-07T21:02:27+00:00\",\"dateModified\":\"2025-06-17T19:26:46+00:00\",\"breadcrumb\":{\"@id\":\"https:\/\/lineaymovimiento.com\/instalaciones#breadcrumb\"},\"inLanguage\":\"en-US\",\"potentialAction\":[{\"@type\":\"ReadAction\",\"target\":[\"https:\/\/lineaymovimiento.com\/instalaciones\"]}]},{\"@type\":\"ImageObject\",\"inLanguage\":\"en-US\",\"@id\":\"https:\/\/lineaymovimiento.com\/instalaciones#primaryimage\",\"url\":\"https:\/\/lineaymovimiento.com\/wp-content\/uploads\/2024\/01\/Sala-1-Avenida-de-america.jpg\",\"contentUrl\":\"https:\/\/lineaymovimiento.com\/wp-content\/uploads\/2024\/01\/Sala-1-Avenida-de-america.jpg\"},{\"@type\":\"BreadcrumbList\",\"@id\":\"https:\/\/lineaymovimiento.com\/instalaciones#breadcrumb\",\"itemListElement\":[{\"@type\":\"ListItem\",\"position\":1,\"name\":\"Portada\",\"item\":\"https:\/\/lineaymovimiento.com\/\"},{\"@type\":\"ListItem\",\"position\":2,\"name\":\"Instalaciones\"}]},{\"@type\":\"WebSite\",\"@id\":\"https:\/\/lineaymovimiento.com\/#website\",\"url\":\"https:\/\/lineaymovimiento.com\/\",\"name\":\"https:\/\/lineaymovimiento.com\/\",\"description\":\"\",\"publisher\":{\"@id\":\"https:\/\/lineaymovimiento.com\/#organization\"},\"potentialAction\":[{\"@type\":\"SearchAction\",\"target\":{\"@type\":\"EntryPoint\",\"urlTemplate\":\"https:\/\/lineaymovimiento.com\/?s={search_term_string}\"},\"query-input\":{\"@type\":\"PropertyValueSpecification\",\"valueRequired\":true,\"valueName\":\"search_term_string\"}}],\"inLanguage\":\"en-US\"},{\"@type\":\"Organization\",\"@id\":\"https:\/\/lineaymovimiento.com\/#organization\",\"name\":\"Linea y Movimiento\",\"url\":\"https:\/\/lineaymovimiento.com\/\",\"logo\":{\"@type\":\"ImageObject\",\"inLanguage\":\"en-US\",\"@id\":\"https:\/\/lineaymovimiento.com\/#\/schema\/logo\/image\/\",\"url\":\"https:\/\/lineaymovimiento.com\/wp-content\/uploads\/2023\/12\/logo-sin-text.png\",\"contentUrl\":\"https:\/\/lineaymovimiento.com\/wp-content\/uploads\/2023\/12\/logo-sin-text.png\",\"width\":6868,\"height\":3204,\"caption\":\"Linea y Movimiento\"},\"image\":{\"@id\":\"https:\/\/lineaymovimiento.com\/#\/schema\/logo\/image\/\"},\"sameAs\":[\"https:\/\/www.facebook.com\/e.dlineaymovimiento.es\",\"https:\/\/www.instagram.com\/escuelalineaymovimiento\"]}]}<\/script>\n<!-- \/ Yoast SEO plugin. -->","yoast_head_json":{"title":"Instalaciones - Linea y Movimiento","robots":{"index":"index","follow":"follow","max-snippet":"max-snippet:-1","max-image-preview":"max-image-preview:large","max-video-preview":"max-video-preview:-1"},"canonical":"https:\/\/lineaymovimiento.com\/en\/instalaciones\/","og_locale":"en_US","og_type":"article","og_title":"Instalaciones - Linea y Movimiento","og_description":"Instalaciones Avenida de Am\u00e9rica, 29 Dos salas Dos vestuarios Ba\u00f1o Duchas Internet Calefacci\u00f3n Barras extra Equipamiento para gimnasia Ll\u00e1manos al 91 845 77 83 Sala 1 100 m \u00b2 capacidad: 30 alumnos Sala 2 60 m \u00b2 capacidad: 15 alumnos Zurbar\u00e1n 12 Una sala Vestuario Ba\u00f1o Internet Calefacci\u00f3n Equipamiento para gimnasia Ll\u00e1manos al 91 845 [&hellip;]","og_url":"https:\/\/lineaymovimiento.com\/en\/instalaciones\/","og_site_name":"Linea y Movimiento","article_publisher":"https:\/\/www.facebook.com\/e.dlineaymovimiento.es","article_modified_time":"2025-06-17T19:26:46+00:00","og_image":[{"width":720,"height":540,"url":"https:\/\/lineaymovimiento.com\/wp-content\/uploads\/2024\/01\/Sala-1-Avenida-de-america.jpg","type":"image\/jpeg"}],"twitter_card":"summary_large_image","twitter_misc":{"Est. reading time":"2 minutes"},"schema":{"@context":"https:\/\/schema.org","@graph":[{"@type":"WebPage","@id":"https:\/\/lineaymovimiento.com\/instalaciones","url":"https:\/\/lineaymovimiento.com\/instalaciones","name":"Instalaciones - Linea y Movimiento","isPartOf":{"@id":"https:\/\/lineaymovimiento.com\/#website"},"primaryImageOfPage":{"@id":"https:\/\/lineaymovimiento.com\/instalaciones#primaryimage"},"image":{"@id":"https:\/\/lineaymovimiento.com\/instalaciones#primaryimage"},"thumbnailUrl":"https:\/\/lineaymovimiento.com\/wp-content\/uploads\/2024\/01\/Sala-1-Avenida-de-america.jpg","datePublished":"2023-12-07T21:02:27+00:00","dateModified":"2025-06-17T19:26:46+00:00","breadcrumb":{"@id":"https:\/\/lineaymovimiento.com\/instalaciones#breadcrumb"},"inLanguage":"en-US","potentialAction":[{"@type":"ReadAction","target":["https:\/\/lineaymovimiento.com\/instalaciones"]}]},{"@type":"ImageObject","inLanguage":"en-US","@id":"https:\/\/lineaymovimiento.com\/instalaciones#primaryimage","url":"https:\/\/lineaymovimiento.com\/wp-content\/uploads\/2024\/01\/Sala-1-Avenida-de-america.jpg","contentUrl":"https:\/\/lineaymovimiento.com\/wp-content\/uploads\/2024\/01\/Sala-1-Avenida-de-america.jpg"},{"@type":"BreadcrumbList","@id":"https:\/\/lineaymovimiento.com\/instalaciones#breadcrumb","itemListElement":[{"@type":"ListItem","position":1,"name":"Portada","item":"https:\/\/lineaymovimiento.com\/"},{"@type":"ListItem","position":2,"name":"Instalaciones"}]},{"@type":"WebSite","@id":"https:\/\/lineaymovimiento.com\/#website","url":"https:\/\/lineaymovimiento.com\/","name":"https:\/\/lineaymovimiento.com\/","description":"","publisher":{"@id":"https:\/\/lineaymovimiento.com\/#organization"},"potentialAction":[{"@type":"SearchAction","target":{"@type":"EntryPoint","urlTemplate":"https:\/\/lineaymovimiento.com\/?s={search_term_string}"},"query-input":{"@type":"PropertyValueSpecification","valueRequired":true,"valueName":"search_term_string"}}],"inLanguage":"en-US"},{"@type":"Organization","@id":"https:\/\/lineaymovimiento.com\/#organization","name":"Linea y Movimiento","url":"https:\/\/lineaymovimiento.com\/","logo":{"@type":"ImageObject","inLanguage":"en-US","@id":"https:\/\/lineaymovimiento.com\/#\/schema\/logo\/image\/","url":"https:\/\/lineaymovimiento.com\/wp-content\/uploads\/2023\/12\/logo-sin-text.png","contentUrl":"https:\/\/lineaymovimiento.com\/wp-content\/uploads\/2023\/12\/logo-sin-text.png","width":6868,"height":3204,"caption":"Linea y Movimiento"},"image":{"@id":"https:\/\/lineaymovimiento.com\/#\/schema\/logo\/image\/"},"sameAs":["https:\/\/www.facebook.com\/e.dlineaymovimiento.es","https:\/\/www.instagram.com\/escuelalineaymovimiento"]}]}},"jetpack_sharing_enabled":true,"_links":{"self":[{"href":"https:\/\/lineaymovimiento.com\/en\/wp-json\/wp\/v2\/pages\/15","targetHints":{"allow":["GET"]}}],"collection":[{"href":"https:\/\/lineaymovimiento.com\/en\/wp-json\/wp\/v2\/pages"}],"about":[{"href":"https:\/\/lineaymovimiento.com\/en\/wp-json\/wp\/v2\/types\/page"}],"author":[{"embeddable":true,"href":"https:\/\/lineaymovimiento.com\/en\/wp-json\/wp\/v2\/users\/1"}],"replies":[{"embeddable":true,"href":"https:\/\/lineaymovimiento.com\/en\/wp-json\/wp\/v2\/comments?post=15"}],"version-history":[{"count":121,"href":"https:\/\/lineaymovimiento.com\/en\/wp-json\/wp\/v2\/pages\/15\/revisions"}],"predecessor-version":[{"id":3625,"href":"https:\/\/lineaymovimiento.com\/en\/wp-json\/wp\/v2\/pages\/15\/revisions\/3625"}],"wp:attachment":[{"href":"https:\/\/lineaymovimiento.com\/en\/wp-json\/wp\/v2\/media?parent=15"}],"curies":[{"name":"wp","href":"https:\/\/api.w.org\/{rel}","templated":true}]}}