{"id":13,"date":"2023-12-07T21:01:37","date_gmt":"2023-12-07T21:01:37","guid":{"rendered":"https:\/\/lineaymovimiento.com\/?page_id=13"},"modified":"2025-10-08T09:14:29","modified_gmt":"2025-10-08T09:14:29","slug":"horarios","status":"publish","type":"page","link":"https:\/\/lineaymovimiento.com\/en\/horarios","title":{"rendered":"Horarios"},"content":{"rendered":"<div data-elementor-type=\"wp-page\" data-elementor-id=\"13\" class=\"elementor elementor-13\" data-elementor-post-type=\"page\">\n\t\t\t\t<div class=\"elementor-element elementor-element-5eee6fa e-flex e-con-boxed e-con e-parent\" data-id=\"5eee6fa\" data-element_type=\"container\" data-settings=\"{&quot;background_background&quot;:&quot;classic&quot;}\">\n\t\t\t\t\t<div class=\"e-con-inner\">\n\t\t\t\t<div class=\"elementor-element elementor-element-ac9b524 elementor-widget elementor-widget-heading\" data-id=\"ac9b524\" data-element_type=\"widget\" data-widget_type=\"heading.default\">\n\t\t\t\t<div class=\"elementor-widget-container\">\n\t\t\t\t\t<h1 class=\"elementor-heading-title elementor-size-default\">Horarios <\/h1>\t\t\t\t<\/div>\n\t\t\t\t<\/div>\n\t\t\t\t\t<\/div>\n\t\t\t\t<\/div>\n\t\t<div class=\"elementor-element elementor-element-ecc1bdb e-flex e-con-boxed e-con e-parent\" data-id=\"ecc1bdb\" data-element_type=\"container\">\n\t\t\t\t\t<div class=\"e-con-inner\">\n\t\t\t\t<div class=\"elementor-element elementor-element-d4391c0 animated-slow elementor-tabs-view-horizontal elementor-invisible elementor-widget elementor-widget-tabs\" data-id=\"d4391c0\" data-element_type=\"widget\" data-settings=\"{&quot;_animation&quot;:&quot;zoomIn&quot;}\" data-widget_type=\"tabs.default\">\n\t\t\t\t<div class=\"elementor-widget-container\">\n\t\t\t\t\t\t\t<div class=\"elementor-tabs\">\n\t\t\t<div class=\"elementor-tabs-wrapper\" role=\"tablist\" >\n\t\t\t\t\t\t\t\t\t<div id=\"elementor-tab-title-2221\" class=\"elementor-tab-title elementor-tab-desktop-title\" aria-selected=\"true\" data-tab=\"1\" role=\"tab\" tabindex=\"0\" aria-controls=\"elementor-tab-content-2221\" aria-expanded=\"false\">Ballet Cl\u00e1sico<\/div>\n\t\t\t\t\t\t\t\t\t<div id=\"elementor-tab-title-2222\" class=\"elementor-tab-title elementor-tab-desktop-title\" aria-selected=\"false\" data-tab=\"2\" role=\"tab\" tabindex=\"-1\" aria-controls=\"elementor-tab-content-2222\" aria-expanded=\"false\">Contempor\u00e1neo <\/div>\n\t\t\t\t\t\t\t\t\t<div id=\"elementor-tab-title-2223\" class=\"elementor-tab-title elementor-tab-desktop-title\" aria-selected=\"false\" data-tab=\"3\" role=\"tab\" tabindex=\"-1\" aria-controls=\"elementor-tab-content-2223\" aria-expanded=\"false\">Urbano<\/div>\n\t\t\t\t\t\t\t\t\t<div id=\"elementor-tab-title-2224\" class=\"elementor-tab-title elementor-tab-desktop-title\" aria-selected=\"false\" data-tab=\"4\" role=\"tab\" tabindex=\"-1\" aria-controls=\"elementor-tab-content-2224\" aria-expanded=\"false\">Flamenco <\/div>\n\t\t\t\t\t\t\t\t\t<div id=\"elementor-tab-title-2225\" class=\"elementor-tab-title elementor-tab-desktop-title\" aria-selected=\"false\" data-tab=\"5\" role=\"tab\" tabindex=\"-1\" aria-controls=\"elementor-tab-content-2225\" aria-expanded=\"false\">Pilates y movimiento<\/div>\n\t\t\t\t\t\t\t\t\t<div id=\"elementor-tab-title-2226\" class=\"elementor-tab-title elementor-tab-desktop-title\" aria-selected=\"false\" data-tab=\"6\" role=\"tab\" tabindex=\"-1\" aria-controls=\"elementor-tab-content-2226\" aria-expanded=\"false\">Predanza <\/div>\n\t\t\t\t\t\t\t\t\t<div id=\"elementor-tab-title-2227\" class=\"elementor-tab-title elementor-tab-desktop-title\" aria-selected=\"false\" data-tab=\"7\" role=\"tab\" tabindex=\"-1\" aria-controls=\"elementor-tab-content-2227\" aria-expanded=\"false\">Bailes de Sal\u00f3n<\/div>\n\t\t\t\t\t\t\t<\/div>\n\t\t\t<div class=\"elementor-tabs-content-wrapper\" role=\"tablist\" aria-orientation=\"vertical\">\n\t\t\t\t\t\t\t\t\t<div class=\"elementor-tab-title elementor-tab-mobile-title\" aria-selected=\"true\" data-tab=\"1\" role=\"tab\" tabindex=\"0\" aria-controls=\"elementor-tab-content-2221\" aria-expanded=\"false\">Ballet Cl\u00e1sico<\/div>\n\t\t\t\t\t<div id=\"elementor-tab-content-2221\" class=\"elementor-tab-content elementor-clearfix\" data-tab=\"1\" role=\"tabpanel\" aria-labelledby=\"elementor-tab-title-2221\" tabindex=\"0\" hidden=\"false\"><p><img fetchpriority=\"high\" decoding=\"async\" class=\"alignnone wp-image-4104 size-full\" src=\"https:\/\/lineaymovimiento.com\/wp-content\/uploads\/2025\/09\/horario-clasico-bien.png\" alt=\"\" width=\"1827\" height=\"2048\" srcset=\"https:\/\/lineaymovimiento.com\/wp-content\/uploads\/2025\/09\/horario-clasico-bien.png 1827w, https:\/\/lineaymovimiento.com\/wp-content\/uploads\/2025\/09\/horario-clasico-bien-268x300.png 268w, https:\/\/lineaymovimiento.com\/wp-content\/uploads\/2025\/09\/horario-clasico-bien-914x1024.png 914w, https:\/\/lineaymovimiento.com\/wp-content\/uploads\/2025\/09\/horario-clasico-bien-768x861.png 768w, https:\/\/lineaymovimiento.com\/wp-content\/uploads\/2025\/09\/horario-clasico-bien-1370x1536.png 1370w, https:\/\/lineaymovimiento.com\/wp-content\/uploads\/2025\/09\/horario-clasico-bien-11x12.png 11w\" sizes=\"(max-width: 1827px) 100vw, 1827px\" \/><\/p><p style=\"color: black;\">Desc\u00e1rgate el horario <a href=\"https:\/\/lineaymovimiento.com\/wp-content\/uploads\/2024\/02\/BALLET-CLASICO.pdf\" target=\"_blank\" rel=\"noopener\">aqu\u00ed<\/a> para consultarlo en cualquier momento.<\/p><\/div>\n\t\t\t\t\t\t\t\t\t<div class=\"elementor-tab-title elementor-tab-mobile-title\" aria-selected=\"false\" data-tab=\"2\" role=\"tab\" tabindex=\"-1\" aria-controls=\"elementor-tab-content-2222\" aria-expanded=\"false\">Contempor\u00e1neo <\/div>\n\t\t\t\t\t<div id=\"elementor-tab-content-2222\" class=\"elementor-tab-content elementor-clearfix\" data-tab=\"2\" role=\"tabpanel\" aria-labelledby=\"elementor-tab-title-2222\" tabindex=\"0\" hidden=\"hidden\"><p><img decoding=\"async\" class=\"alignnone wp-image-4114 size-full\" src=\"https:\/\/lineaymovimiento.com\/wp-content\/uploads\/2025\/09\/horario-contem-bien.png\" alt=\"\" width=\"1536\" height=\"817\" srcset=\"https:\/\/lineaymovimiento.com\/wp-content\/uploads\/2025\/09\/horario-contem-bien.png 1536w, https:\/\/lineaymovimiento.com\/wp-content\/uploads\/2025\/09\/horario-contem-bien-300x160.png 300w, https:\/\/lineaymovimiento.com\/wp-content\/uploads\/2025\/09\/horario-contem-bien-1024x545.png 1024w, https:\/\/lineaymovimiento.com\/wp-content\/uploads\/2025\/09\/horario-contem-bien-768x409.png 768w, https:\/\/lineaymovimiento.com\/wp-content\/uploads\/2025\/09\/horario-contem-bien-18x10.png 18w\" sizes=\"(max-width: 1536px) 100vw, 1536px\" \/><\/p><p style=\"color: black;\">Desc\u00e1rgate el horario <a href=\"https:\/\/lineaymovimiento.com\/wp-content\/uploads\/2024\/02\/CONTEMPORANEO.pdf\" target=\"_blank\" rel=\"noopener\">aqu\u00ed<\/a> para consultarlo en cualquier momento.<\/p><\/div>\n\t\t\t\t\t\t\t\t\t<div class=\"elementor-tab-title elementor-tab-mobile-title\" aria-selected=\"false\" data-tab=\"3\" role=\"tab\" tabindex=\"-1\" aria-controls=\"elementor-tab-content-2223\" aria-expanded=\"false\">Urbano<\/div>\n\t\t\t\t\t<div id=\"elementor-tab-content-2223\" class=\"elementor-tab-content elementor-clearfix\" data-tab=\"3\" role=\"tabpanel\" aria-labelledby=\"elementor-tab-title-2223\" tabindex=\"0\" hidden=\"hidden\"><p><img decoding=\"async\" class=\"alignnone wp-image-4110 size-full\" src=\"https:\/\/lineaymovimiento.com\/wp-content\/uploads\/2025\/09\/URBANO.png\" alt=\"\" width=\"1536\" height=\"928\" srcset=\"https:\/\/lineaymovimiento.com\/wp-content\/uploads\/2025\/09\/URBANO.png 1536w, https:\/\/lineaymovimiento.com\/wp-content\/uploads\/2025\/09\/URBANO-300x181.png 300w, https:\/\/lineaymovimiento.com\/wp-content\/uploads\/2025\/09\/URBANO-1024x619.png 1024w, https:\/\/lineaymovimiento.com\/wp-content\/uploads\/2025\/09\/URBANO-768x464.png 768w, https:\/\/lineaymovimiento.com\/wp-content\/uploads\/2025\/09\/URBANO-18x12.png 18w\" sizes=\"(max-width: 1536px) 100vw, 1536px\" \/><\/p><p style=\"color: black;\">Desc\u00e1rgate el horario <a href=\"https:\/\/lineaymovimiento.com\/wp-content\/uploads\/2024\/02\/HIP-HOP.pdf\" target=\"_blank\" rel=\"noopener\">aqu\u00ed<\/a> para consultarlo en cualquier momento.<\/p><\/div>\n\t\t\t\t\t\t\t\t\t<div class=\"elementor-tab-title elementor-tab-mobile-title\" aria-selected=\"false\" data-tab=\"4\" role=\"tab\" tabindex=\"-1\" aria-controls=\"elementor-tab-content-2224\" aria-expanded=\"false\">Flamenco <\/div>\n\t\t\t\t\t<div id=\"elementor-tab-content-2224\" class=\"elementor-tab-content elementor-clearfix\" data-tab=\"4\" role=\"tabpanel\" aria-labelledby=\"elementor-tab-title-2224\" tabindex=\"0\" hidden=\"hidden\"><p><img loading=\"lazy\" decoding=\"async\" class=\"alignnone wp-image-4118 size-full\" src=\"https:\/\/lineaymovimiento.com\/wp-content\/uploads\/2025\/09\/HORARIO-FLAMENCO-BIEN.png\" alt=\"\" width=\"1536\" height=\"1056\" srcset=\"https:\/\/lineaymovimiento.com\/wp-content\/uploads\/2025\/09\/HORARIO-FLAMENCO-BIEN.png 1536w, https:\/\/lineaymovimiento.com\/wp-content\/uploads\/2025\/09\/HORARIO-FLAMENCO-BIEN-300x206.png 300w, https:\/\/lineaymovimiento.com\/wp-content\/uploads\/2025\/09\/HORARIO-FLAMENCO-BIEN-1024x704.png 1024w, https:\/\/lineaymovimiento.com\/wp-content\/uploads\/2025\/09\/HORARIO-FLAMENCO-BIEN-768x528.png 768w, https:\/\/lineaymovimiento.com\/wp-content\/uploads\/2025\/09\/HORARIO-FLAMENCO-BIEN-18x12.png 18w\" sizes=\"(max-width: 1536px) 100vw, 1536px\" \/><\/p><p style=\"color: black;\">Desc\u00e1rgate el horario <a href=\"https:\/\/lineaymovimiento.com\/wp-content\/uploads\/2024\/02\/FLAMENCO.pdf\" target=\"_blank\" rel=\"noopener\">aqu\u00ed<\/a> para consultarlo en cualquier momento.<\/p><\/div>\n\t\t\t\t\t\t\t\t\t<div class=\"elementor-tab-title elementor-tab-mobile-title\" aria-selected=\"false\" data-tab=\"5\" role=\"tab\" tabindex=\"-1\" aria-controls=\"elementor-tab-content-2225\" aria-expanded=\"false\">Pilates y movimiento<\/div>\n\t\t\t\t\t<div id=\"elementor-tab-content-2225\" class=\"elementor-tab-content elementor-clearfix\" data-tab=\"5\" role=\"tabpanel\" aria-labelledby=\"elementor-tab-title-2225\" tabindex=\"0\" hidden=\"hidden\"><p><img loading=\"lazy\" decoding=\"async\" class=\"alignnone wp-image-4253 size-full\" src=\"https:\/\/lineaymovimiento.com\/wp-content\/uploads\/2025\/10\/pilates-cambiado.png\" alt=\"\" width=\"1536\" height=\"707\" srcset=\"https:\/\/lineaymovimiento.com\/wp-content\/uploads\/2025\/10\/pilates-cambiado.png 1536w, https:\/\/lineaymovimiento.com\/wp-content\/uploads\/2025\/10\/pilates-cambiado-300x138.png 300w, https:\/\/lineaymovimiento.com\/wp-content\/uploads\/2025\/10\/pilates-cambiado-1024x471.png 1024w, https:\/\/lineaymovimiento.com\/wp-content\/uploads\/2025\/10\/pilates-cambiado-768x354.png 768w, https:\/\/lineaymovimiento.com\/wp-content\/uploads\/2025\/10\/pilates-cambiado-18x8.png 18w\" sizes=\"(max-width: 1536px) 100vw, 1536px\" \/><\/p><p style=\"color: black;\">Desc\u00e1rgate el horario <a href=\"https:\/\/lineaymovimiento.com\/wp-content\/uploads\/2024\/02\/GIMNASIA.pdf\" target=\"_blank\" rel=\"noopener\">aqu\u00ed<\/a> para consultarlo en cualquier momento.<\/p><\/div>\n\t\t\t\t\t\t\t\t\t<div class=\"elementor-tab-title elementor-tab-mobile-title\" aria-selected=\"false\" data-tab=\"6\" role=\"tab\" tabindex=\"-1\" aria-controls=\"elementor-tab-content-2226\" aria-expanded=\"false\">Predanza <\/div>\n\t\t\t\t\t<div id=\"elementor-tab-content-2226\" class=\"elementor-tab-content elementor-clearfix\" data-tab=\"6\" role=\"tabpanel\" aria-labelledby=\"elementor-tab-title-2226\" tabindex=\"0\" hidden=\"hidden\"><p><img loading=\"lazy\" decoding=\"async\" class=\"alignnone wp-image-4054 size-full\" src=\"https:\/\/lineaymovimiento.com\/wp-content\/uploads\/2025\/09\/1730-1830.png\" alt=\"\" width=\"1536\" height=\"601\" srcset=\"https:\/\/lineaymovimiento.com\/wp-content\/uploads\/2025\/09\/1730-1830.png 1536w, https:\/\/lineaymovimiento.com\/wp-content\/uploads\/2025\/09\/1730-1830-300x117.png 300w, https:\/\/lineaymovimiento.com\/wp-content\/uploads\/2025\/09\/1730-1830-1024x401.png 1024w, https:\/\/lineaymovimiento.com\/wp-content\/uploads\/2025\/09\/1730-1830-768x301.png 768w, https:\/\/lineaymovimiento.com\/wp-content\/uploads\/2025\/09\/1730-1830-18x7.png 18w\" sizes=\"(max-width: 1536px) 100vw, 1536px\" \/><\/p><p style=\"color: black;\">Desc\u00e1rgate el horario <a href=\"https:\/\/lineaymovimiento.com\/wp-content\/uploads\/2024\/02\/PREDANZA.pdf\" target=\"_blank\" rel=\"noopener\">aqu\u00ed<\/a> para consultarlo en cualquier momento.<\/p><\/div>\n\t\t\t\t\t\t\t\t\t<div class=\"elementor-tab-title elementor-tab-mobile-title\" aria-selected=\"false\" data-tab=\"7\" role=\"tab\" tabindex=\"-1\" aria-controls=\"elementor-tab-content-2227\" aria-expanded=\"false\">Bailes de Sal\u00f3n<\/div>\n\t\t\t\t\t<div id=\"elementor-tab-content-2227\" class=\"elementor-tab-content elementor-clearfix\" data-tab=\"7\" role=\"tabpanel\" aria-labelledby=\"elementor-tab-title-2227\" tabindex=\"0\" hidden=\"hidden\"><p><img loading=\"lazy\" decoding=\"async\" class=\"alignnone wp-image-4252 size-full\" src=\"https:\/\/lineaymovimiento.com\/wp-content\/uploads\/2025\/10\/bailes-de-salon-cambiado.png\" alt=\"\" width=\"982\" height=\"438\" srcset=\"https:\/\/lineaymovimiento.com\/wp-content\/uploads\/2025\/10\/bailes-de-salon-cambiado.png 982w, https:\/\/lineaymovimiento.com\/wp-content\/uploads\/2025\/10\/bailes-de-salon-cambiado-300x134.png 300w, https:\/\/lineaymovimiento.com\/wp-content\/uploads\/2025\/10\/bailes-de-salon-cambiado-768x343.png 768w, https:\/\/lineaymovimiento.com\/wp-content\/uploads\/2025\/10\/bailes-de-salon-cambiado-18x8.png 18w\" sizes=\"(max-width: 982px) 100vw, 982px\" \/><\/p><p style=\"color: black;\">Desc\u00e1rgate el horario <a href=\"https:\/\/lineaymovimiento.com\/wp-content\/uploads\/2024\/02\/BAILES-DE-SALON.pdf\" target=\"_blank\" rel=\"noopener\">aqu\u00ed<\/a> para consultarlo en cualquier momento.<\/p><\/div>\n\t\t\t\t\t\t\t<\/div>\n\t\t<\/div>\n\t\t\t\t\t\t<\/div>\n\t\t\t\t<\/div>\n\t\t\t\t\t<\/div>\n\t\t\t\t<\/div>\n\t\t<div class=\"elementor-element elementor-element-4d6a5ca e-flex e-con-boxed e-con e-parent\" data-id=\"4d6a5ca\" data-element_type=\"container\">\n\t\t\t\t\t<div class=\"e-con-inner\">\n\t\t\t\t<div class=\"elementor-element elementor-element-423b288 elementor-widget elementor-widget-shortcode\" data-id=\"423b288\" data-element_type=\"widget\" data-widget_type=\"shortcode.default\">\n\t\t\t\t<div class=\"elementor-widget-container\">\n\t\t\t\t\t\t\t<div class=\"elementor-shortcode\">\t\t<div data-elementor-type=\"container\" data-elementor-id=\"1202\" class=\"elementor elementor-1202\" data-elementor-post-type=\"elementor_library\">\n\t\t\t\t<div class=\"elementor-element elementor-element-29233500 e-flex e-con-boxed e-con e-parent\" data-id=\"29233500\" data-element_type=\"container\">\n\t\t\t\t\t<div class=\"e-con-inner\">\n\t\t\t\t<div class=\"elementor-element elementor-element-15e28531 elementor-widget elementor-widget-image\" data-id=\"15e28531\" data-element_type=\"widget\" data-widget_type=\"image.default\">\n\t\t\t\t<div class=\"elementor-widget-container\">\n\t\t\t\t\t\t\t\t\t\t\t\t\t\t\t<img loading=\"lazy\" decoding=\"async\" width=\"2560\" height=\"239\" src=\"https:\/\/lineaymovimiento.com\/wp-content\/uploads\/2024\/03\/CONBANDERA_KITDIGITAL-scaled.jpg\" class=\"attachment-full size-full wp-image-1201\" alt=\"\" srcset=\"https:\/\/lineaymovimiento.com\/wp-content\/uploads\/2024\/03\/CONBANDERA_KITDIGITAL-scaled.jpg 2560w, https:\/\/lineaymovimiento.com\/wp-content\/uploads\/2024\/03\/CONBANDERA_KITDIGITAL-300x28.jpg 300w, https:\/\/lineaymovimiento.com\/wp-content\/uploads\/2024\/03\/CONBANDERA_KITDIGITAL-1024x95.jpg 1024w, https:\/\/lineaymovimiento.com\/wp-content\/uploads\/2024\/03\/CONBANDERA_KITDIGITAL-768x72.jpg 768w, https:\/\/lineaymovimiento.com\/wp-content\/uploads\/2024\/03\/CONBANDERA_KITDIGITAL-1536x143.jpg 1536w, https:\/\/lineaymovimiento.com\/wp-content\/uploads\/2024\/03\/CONBANDERA_KITDIGITAL-2048x191.jpg 2048w\" sizes=\"(max-width: 2560px) 100vw, 2560px\" \/>\t\t\t\t\t\t\t\t\t\t\t\t\t\t\t<\/div>\n\t\t\t\t<\/div>\n\t\t\t\t\t<\/div>\n\t\t\t\t<\/div>\n\t\t\t\t<\/div>\n\t\t<\/div>\n\t\t\t\t\t\t<\/div>\n\t\t\t\t<\/div>\n\t\t\t\t\t<\/div>\n\t\t\t\t<\/div>\n\t\t<div class=\"elementor-element elementor-element-db92dde e-flex e-con-boxed e-con e-parent\" data-id=\"db92dde\" data-element_type=\"container\">\n\t\t\t\t\t<div class=\"e-con-inner\">\n\t\t\t\t<div class=\"elementor-element elementor-element-5431ad7 elementor-widget elementor-widget-text-editor\" data-id=\"5431ad7\" data-element_type=\"widget\" data-widget_type=\"text-editor.default\">\n\t\t\t\t<div class=\"elementor-widget-container\">\n\t\t\t\t\t\t\t\t\t<p>Lorem ipsum dolor sit amet, consectetur adipiscing elit. Ut elit tellus, luctus nec ullamcorper mattis, pulvinar dapibus leo.<\/p>\t\t\t\t\t\t\t\t<\/div>\n\t\t\t\t<\/div>\n\t\t\t\t\t<\/div>\n\t\t\t\t<\/div>\n\t\t\t\t<\/div>","protected":false},"excerpt":{"rendered":"<p>Horarios Ballet Cl\u00e1sico Contempor\u00e1neo Urbano Flamenco Pilates y movimiento Predanza Bailes de Sal\u00f3n Ballet Cl\u00e1sico Desc\u00e1rgate el horario aqu\u00ed para consultarlo en cualquier momento. Contempor\u00e1neo Desc\u00e1rgate el horario aqu\u00ed para consultarlo en cualquier momento. Urbano Desc\u00e1rgate el horario aqu\u00ed para consultarlo en cualquier momento. Flamenco Desc\u00e1rgate el horario aqu\u00ed para consultarlo en cualquier momento. Pilates [&hellip;]<\/p>","protected":false},"author":1,"featured_media":0,"parent":0,"menu_order":2,"comment_status":"closed","ping_status":"closed","template":"elementor_header_footer","meta":{"_joinchat":[],"footnotes":""},"class_list":["post-13","page","type-page","status-publish","hentry"],"yoast_head":"<!-- This site is optimized with the Yoast SEO plugin v24.6 - https:\/\/yoast.com\/wordpress\/plugins\/seo\/ -->\n<title>Horarios - Linea y Movimiento<\/title>\n<meta name=\"robots\" content=\"index, follow, max-snippet:-1, max-image-preview:large, max-video-preview:-1\" \/>\n<link rel=\"canonical\" href=\"https:\/\/lineaymovimiento.com\/en\/horarios\/\" \/>\n<meta property=\"og:locale\" content=\"en_US\" \/>\n<meta property=\"og:type\" content=\"article\" \/>\n<meta property=\"og:title\" content=\"Horarios - Linea y Movimiento\" \/>\n<meta property=\"og:description\" content=\"Horarios Ballet Cl\u00e1sico Contempor\u00e1neo Urbano Flamenco Pilates y movimiento Predanza Bailes de Sal\u00f3n Ballet Cl\u00e1sico Desc\u00e1rgate el horario aqu\u00ed para consultarlo en cualquier momento. Contempor\u00e1neo Desc\u00e1rgate el horario aqu\u00ed para consultarlo en cualquier momento. Urbano Desc\u00e1rgate el horario aqu\u00ed para consultarlo en cualquier momento. Flamenco Desc\u00e1rgate el horario aqu\u00ed para consultarlo en cualquier momento. Pilates [&hellip;]\" \/>\n<meta property=\"og:url\" content=\"https:\/\/lineaymovimiento.com\/en\/horarios\/\" \/>\n<meta property=\"og:site_name\" content=\"Linea y Movimiento\" \/>\n<meta property=\"article:publisher\" content=\"https:\/\/www.facebook.com\/e.dlineaymovimiento.es\" \/>\n<meta property=\"article:modified_time\" content=\"2025-10-08T09:14:29+00:00\" \/>\n<meta property=\"og:image\" content=\"https:\/\/lineaymovimiento.com\/wp-content\/uploads\/2025\/09\/horario-clasico-bien.png\" \/>\n\t<meta property=\"og:image:width\" content=\"1827\" \/>\n\t<meta property=\"og:image:height\" content=\"2048\" \/>\n\t<meta property=\"og:image:type\" content=\"image\/png\" \/>\n<meta name=\"twitter:card\" content=\"summary_large_image\" \/>\n<meta name=\"twitter:label1\" content=\"Est. reading time\" \/>\n\t<meta name=\"twitter:data1\" content=\"3 minutes\" \/>\n<script type=\"application\/ld+json\" class=\"yoast-schema-graph\">{\"@context\":\"https:\/\/schema.org\",\"@graph\":[{\"@type\":\"WebPage\",\"@id\":\"https:\/\/lineaymovimiento.com\/horarios\",\"url\":\"https:\/\/lineaymovimiento.com\/horarios\",\"name\":\"Horarios - Linea y Movimiento\",\"isPartOf\":{\"@id\":\"https:\/\/lineaymovimiento.com\/#website\"},\"primaryImageOfPage\":{\"@id\":\"https:\/\/lineaymovimiento.com\/horarios#primaryimage\"},\"image\":{\"@id\":\"https:\/\/lineaymovimiento.com\/horarios#primaryimage\"},\"thumbnailUrl\":\"https:\/\/lineaymovimiento.com\/wp-content\/uploads\/2025\/09\/horario-clasico-bien.png\",\"datePublished\":\"2023-12-07T21:01:37+00:00\",\"dateModified\":\"2025-10-08T09:14:29+00:00\",\"breadcrumb\":{\"@id\":\"https:\/\/lineaymovimiento.com\/horarios#breadcrumb\"},\"inLanguage\":\"en-US\",\"potentialAction\":[{\"@type\":\"ReadAction\",\"target\":[\"https:\/\/lineaymovimiento.com\/horarios\"]}]},{\"@type\":\"ImageObject\",\"inLanguage\":\"en-US\",\"@id\":\"https:\/\/lineaymovimiento.com\/horarios#primaryimage\",\"url\":\"https:\/\/lineaymovimiento.com\/wp-content\/uploads\/2025\/09\/horario-clasico-bien.png\",\"contentUrl\":\"https:\/\/lineaymovimiento.com\/wp-content\/uploads\/2025\/09\/horario-clasico-bien.png\"},{\"@type\":\"BreadcrumbList\",\"@id\":\"https:\/\/lineaymovimiento.com\/horarios#breadcrumb\",\"itemListElement\":[{\"@type\":\"ListItem\",\"position\":1,\"name\":\"Portada\",\"item\":\"https:\/\/lineaymovimiento.com\/\"},{\"@type\":\"ListItem\",\"position\":2,\"name\":\"Horarios\"}]},{\"@type\":\"WebSite\",\"@id\":\"https:\/\/lineaymovimiento.com\/#website\",\"url\":\"https:\/\/lineaymovimiento.com\/\",\"name\":\"https:\/\/lineaymovimiento.com\/\",\"description\":\"\",\"publisher\":{\"@id\":\"https:\/\/lineaymovimiento.com\/#organization\"},\"potentialAction\":[{\"@type\":\"SearchAction\",\"target\":{\"@type\":\"EntryPoint\",\"urlTemplate\":\"https:\/\/lineaymovimiento.com\/?s={search_term_string}\"},\"query-input\":{\"@type\":\"PropertyValueSpecification\",\"valueRequired\":true,\"valueName\":\"search_term_string\"}}],\"inLanguage\":\"en-US\"},{\"@type\":\"Organization\",\"@id\":\"https:\/\/lineaymovimiento.com\/#organization\",\"name\":\"Linea y Movimiento\",\"url\":\"https:\/\/lineaymovimiento.com\/\",\"logo\":{\"@type\":\"ImageObject\",\"inLanguage\":\"en-US\",\"@id\":\"https:\/\/lineaymovimiento.com\/#\/schema\/logo\/image\/\",\"url\":\"https:\/\/lineaymovimiento.com\/wp-content\/uploads\/2023\/12\/logo-sin-text.png\",\"contentUrl\":\"https:\/\/lineaymovimiento.com\/wp-content\/uploads\/2023\/12\/logo-sin-text.png\",\"width\":6868,\"height\":3204,\"caption\":\"Linea y Movimiento\"},\"image\":{\"@id\":\"https:\/\/lineaymovimiento.com\/#\/schema\/logo\/image\/\"},\"sameAs\":[\"https:\/\/www.facebook.com\/e.dlineaymovimiento.es\",\"https:\/\/www.instagram.com\/escuelalineaymovimiento\"]}]}<\/script>\n<!-- \/ Yoast SEO plugin. -->","yoast_head_json":{"title":"Horarios - Linea y Movimiento","robots":{"index":"index","follow":"follow","max-snippet":"max-snippet:-1","max-image-preview":"max-image-preview:large","max-video-preview":"max-video-preview:-1"},"canonical":"https:\/\/lineaymovimiento.com\/en\/horarios\/","og_locale":"en_US","og_type":"article","og_title":"Horarios - Linea y Movimiento","og_description":"Horarios Ballet Cl\u00e1sico Contempor\u00e1neo Urbano Flamenco Pilates y movimiento Predanza Bailes de Sal\u00f3n Ballet Cl\u00e1sico Desc\u00e1rgate el horario aqu\u00ed para consultarlo en cualquier momento. Contempor\u00e1neo Desc\u00e1rgate el horario aqu\u00ed para consultarlo en cualquier momento. Urbano Desc\u00e1rgate el horario aqu\u00ed para consultarlo en cualquier momento. Flamenco Desc\u00e1rgate el horario aqu\u00ed para consultarlo en cualquier momento. Pilates [&hellip;]","og_url":"https:\/\/lineaymovimiento.com\/en\/horarios\/","og_site_name":"Linea y Movimiento","article_publisher":"https:\/\/www.facebook.com\/e.dlineaymovimiento.es","article_modified_time":"2025-10-08T09:14:29+00:00","og_image":[{"width":1827,"height":2048,"url":"https:\/\/lineaymovimiento.com\/wp-content\/uploads\/2025\/09\/horario-clasico-bien.png","type":"image\/png"}],"twitter_card":"summary_large_image","twitter_misc":{"Est. reading time":"3 minutes"},"schema":{"@context":"https:\/\/schema.org","@graph":[{"@type":"WebPage","@id":"https:\/\/lineaymovimiento.com\/horarios","url":"https:\/\/lineaymovimiento.com\/horarios","name":"Horarios - Linea y Movimiento","isPartOf":{"@id":"https:\/\/lineaymovimiento.com\/#website"},"primaryImageOfPage":{"@id":"https:\/\/lineaymovimiento.com\/horarios#primaryimage"},"image":{"@id":"https:\/\/lineaymovimiento.com\/horarios#primaryimage"},"thumbnailUrl":"https:\/\/lineaymovimiento.com\/wp-content\/uploads\/2025\/09\/horario-clasico-bien.png","datePublished":"2023-12-07T21:01:37+00:00","dateModified":"2025-10-08T09:14:29+00:00","breadcrumb":{"@id":"https:\/\/lineaymovimiento.com\/horarios#breadcrumb"},"inLanguage":"en-US","potentialAction":[{"@type":"ReadAction","target":["https:\/\/lineaymovimiento.com\/horarios"]}]},{"@type":"ImageObject","inLanguage":"en-US","@id":"https:\/\/lineaymovimiento.com\/horarios#primaryimage","url":"https:\/\/lineaymovimiento.com\/wp-content\/uploads\/2025\/09\/horario-clasico-bien.png","contentUrl":"https:\/\/lineaymovimiento.com\/wp-content\/uploads\/2025\/09\/horario-clasico-bien.png"},{"@type":"BreadcrumbList","@id":"https:\/\/lineaymovimiento.com\/horarios#breadcrumb","itemListElement":[{"@type":"ListItem","position":1,"name":"Portada","item":"https:\/\/lineaymovimiento.com\/"},{"@type":"ListItem","position":2,"name":"Horarios"}]},{"@type":"WebSite","@id":"https:\/\/lineaymovimiento.com\/#website","url":"https:\/\/lineaymovimiento.com\/","name":"https:\/\/lineaymovimiento.com\/","description":"","publisher":{"@id":"https:\/\/lineaymovimiento.com\/#organization"},"potentialAction":[{"@type":"SearchAction","target":{"@type":"EntryPoint","urlTemplate":"https:\/\/lineaymovimiento.com\/?s={search_term_string}"},"query-input":{"@type":"PropertyValueSpecification","valueRequired":true,"valueName":"search_term_string"}}],"inLanguage":"en-US"},{"@type":"Organization","@id":"https:\/\/lineaymovimiento.com\/#organization","name":"Linea y Movimiento","url":"https:\/\/lineaymovimiento.com\/","logo":{"@type":"ImageObject","inLanguage":"en-US","@id":"https:\/\/lineaymovimiento.com\/#\/schema\/logo\/image\/","url":"https:\/\/lineaymovimiento.com\/wp-content\/uploads\/2023\/12\/logo-sin-text.png","contentUrl":"https:\/\/lineaymovimiento.com\/wp-content\/uploads\/2023\/12\/logo-sin-text.png","width":6868,"height":3204,"caption":"Linea y Movimiento"},"image":{"@id":"https:\/\/lineaymovimiento.com\/#\/schema\/logo\/image\/"},"sameAs":["https:\/\/www.facebook.com\/e.dlineaymovimiento.es","https:\/\/www.instagram.com\/escuelalineaymovimiento"]}]}},"jetpack_sharing_enabled":true,"_links":{"self":[{"href":"https:\/\/lineaymovimiento.com\/en\/wp-json\/wp\/v2\/pages\/13","targetHints":{"allow":["GET"]}}],"collection":[{"href":"https:\/\/lineaymovimiento.com\/en\/wp-json\/wp\/v2\/pages"}],"about":[{"href":"https:\/\/lineaymovimiento.com\/en\/wp-json\/wp\/v2\/types\/page"}],"author":[{"embeddable":true,"href":"https:\/\/lineaymovimiento.com\/en\/wp-json\/wp\/v2\/users\/1"}],"replies":[{"embeddable":true,"href":"https:\/\/lineaymovimiento.com\/en\/wp-json\/wp\/v2\/comments?post=13"}],"version-history":[{"count":136,"href":"https:\/\/lineaymovimiento.com\/en\/wp-json\/wp\/v2\/pages\/13\/revisions"}],"predecessor-version":[{"id":4256,"href":"https:\/\/lineaymovimiento.com\/en\/wp-json\/wp\/v2\/pages\/13\/revisions\/4256"}],"wp:attachment":[{"href":"https:\/\/lineaymovimiento.com\/en\/wp-json\/wp\/v2\/media?parent=13"}],"curies":[{"name":"wp","href":"https:\/\/api.w.org\/{rel}","templated":true}]}}